{"id":2503,"date":"2026-03-18T08:19:11","date_gmt":"2026-03-18T08:19:11","guid":{"rendered":"https:\/\/gfinveco.agenti.dk\/?page_id=2503"},"modified":"2026-03-26T09:19:48","modified_gmt":"2026-03-26T09:19:48","slug":"lighting-solutions","status":"publish","type":"page","link":"https:\/\/gfinveco.agenti.dk\/da\/lighting-solutions\/","title":{"rendered":"Belysning"},"content":{"rendered":"<div data-elementor-type=\"wp-page\" data-elementor-id=\"2503\" class=\"elementor elementor-2503\" data-elementor-post-type=\"page\">\n\t\t\t\t<div class=\"elementor-element elementor-element-280c2ce2 e-flex e-con-boxed e-con e-parent\" data-id=\"280c2ce2\" data-element_type=\"container\" data-e-type=\"container\" data-settings=\"{&quot;background_background&quot;:&quot;video&quot;,&quot;background_video_link&quot;:&quot;https:\\\/\\\/youtu.be\\\/m7kXFM3-Mi8?si=yAI2XgteImtybG2o&quot;,&quot;background_play_on_mobile&quot;:&quot;yes&quot;}\">\n\t\t\t\t\t<div class=\"e-con-inner\">\n\t\t<div class=\"elementor-background-video-container\">\n\t\t\t\t\t\t\t<div class=\"elementor-background-video-embed\" role=\"presentation\"><\/div>\n\t\t\t\t\t\t<\/div>\t\t<div class=\"elementor-element elementor-element-4aa74c6b elementor-widget elementor-widget-heading\" data-id=\"4aa74c6b\" data-element_type=\"widget\" data-e-type=\"widget\" data-widget_type=\"heading.default\">\n\t\t\t\t\t<h1 class=\"elementor-heading-title elementor-size-default\">BELYSNING<\/h1>\t\t\t\t<\/div>\n\t\t\t\t\t<\/div>\n\t\t\t\t<\/div>\n\t\t<div class=\"elementor-element elementor-element-3e9a989 e-flex e-con-boxed e-con e-parent\" data-id=\"3e9a989\" data-element_type=\"container\" data-e-type=\"container\">\n\t\t\t\t\t<div class=\"e-con-inner\">\n\t\t<div class=\"elementor-element elementor-element-1e9c3cc7 e-con-full e-flex e-con e-child\" data-id=\"1e9c3cc7\" data-element_type=\"container\" data-e-type=\"container\">\n\t\t\t\t<div class=\"elementor-element elementor-element-475aee86 elementor-widget elementor-widget-image\" data-id=\"475aee86\" data-element_type=\"widget\" data-e-type=\"widget\" data-widget_type=\"image.default\">\n\t\t\t\t\t\t\t\t\t\t\t\t\t\t\t<img loading=\"lazy\" decoding=\"async\" width=\"150\" height=\"150\" src=\"https:\/\/gfinveco.agenti.dk\/wp-content\/uploads\/2026\/03\/lite-led-logo-green-150x150.png\" class=\"attachment-thumbnail size-thumbnail wp-image-2550\" alt=\"\" srcset=\"https:\/\/gfinveco.agenti.dk\/wp-content\/uploads\/2026\/03\/lite-led-logo-green-150x150.png 150w, https:\/\/gfinveco.agenti.dk\/wp-content\/uploads\/2026\/03\/lite-led-logo-green.png 187w\" sizes=\"auto, (max-width: 150px) 100vw, 150px\" \/>\t\t\t\t\t\t\t\t\t\t\t\t\t\t\t<\/div>\n\t\t\t\t<div class=\"elementor-element elementor-element-6cdfd4e5 elementor-widget elementor-widget-heading\" data-id=\"6cdfd4e5\" data-element_type=\"widget\" data-e-type=\"widget\" data-widget_type=\"heading.default\">\n\t\t\t\t\t<h2 class=\"elementor-heading-title elementor-size-default\">LIGHT INNOVATION TECHNOLOGY<\/h2>\t\t\t\t<\/div>\n\t\t\t\t<div class=\"elementor-element elementor-element-3f9c4597 elementor-widget elementor-widget-text-editor\" data-id=\"3f9c4597\" data-element_type=\"widget\" data-e-type=\"widget\" data-widget_type=\"text-editor.default\">\n\t\t\t\t\t\t\t\t\t<p>GF Inveco er medejer i LITE (Light Innovation Technology), som producerer og leverer komplette innovative og specialbyggede belysningsl\u00f8sninger til indend\u00f8rs og udend\u00f8rs brug.<\/p>\t\t\t\t\t\t\t\t<\/div>\n\t\t\t\t<div class=\"elementor-element elementor-element-545af140 elementor-widget elementor-widget-button\" data-id=\"545af140\" data-element_type=\"widget\" data-e-type=\"widget\" data-widget_type=\"button.default\">\n\t\t\t\t\t\t\t\t\t\t<a class=\"elementor-button elementor-button-link elementor-size-sm\" href=\"https:\/\/www.lite-led.dk\/\" target=\"_blank\">\n\t\t\t\t\t\t<span class=\"elementor-button-content-wrapper\">\n\t\t\t\t\t\t<span class=\"elementor-button-icon\">\n\t\t\t\t<svg xmlns=\"http:\/\/www.w3.org\/2000\/svg\" width=\"800px\" height=\"800px\" viewbox=\"0 0 64 64\" fill=\"none\" stroke=\"#000000\"><polyline points=\"44 40 52 32 44 24\"><\/polyline><line x1=\"52\" y1=\"32\" x2=\"12\" y2=\"32\"><\/line><\/svg>\t\t\t<\/span>\n\t\t\t\t\t\t\t\t\t<span class=\"elementor-button-text\">Se hjemmeside<\/span>\n\t\t\t\t\t<\/span>\n\t\t\t\t\t<\/a>\n\t\t\t\t\t\t\t\t<\/div>\n\t\t\t\t<\/div>\n\t\t<div class=\"elementor-element elementor-element-43d52aba e-con-full e-flex e-con e-child\" data-id=\"43d52aba\" data-element_type=\"container\" data-e-type=\"container\" data-settings=\"{&quot;background_background&quot;:&quot;classic&quot;}\">\n\t\t\t\t<div class=\"elementor-element elementor-element-3e71625e elementor-absolute elementor-widget elementor-widget-image\" data-id=\"3e71625e\" data-element_type=\"widget\" data-e-type=\"widget\" data-settings=\"{&quot;_position&quot;:&quot;absolute&quot;}\" data-widget_type=\"image.default\">\n\t\t\t\t\t\t\t\t\t\t\t\t\t\t\t<img loading=\"lazy\" decoding=\"async\" width=\"1024\" height=\"538\" src=\"https:\/\/gfinveco.agenti.dk\/wp-content\/uploads\/2026\/03\/lite-hq-1024x538.jpg\" class=\"attachment-large size-large wp-image-2520\" alt=\"\" srcset=\"https:\/\/gfinveco.agenti.dk\/wp-content\/uploads\/2026\/03\/lite-hq-1024x538.jpg 1024w, https:\/\/gfinveco.agenti.dk\/wp-content\/uploads\/2026\/03\/lite-hq-300x158.jpg 300w, https:\/\/gfinveco.agenti.dk\/wp-content\/uploads\/2026\/03\/lite-hq-768x403.jpg 768w, https:\/\/gfinveco.agenti.dk\/wp-content\/uploads\/2026\/03\/lite-hq.jpg 1200w\" sizes=\"auto, (max-width: 1024px) 100vw, 1024px\" \/>\t\t\t\t\t\t\t\t\t\t\t\t\t\t\t<\/div>\n\t\t\t\t<\/div>\n\t\t\t\t\t<\/div>\n\t\t\t\t<\/div>\n\t\t<div class=\"elementor-element elementor-element-71f388ca e-flex e-con-boxed e-con e-parent\" data-id=\"71f388ca\" data-element_type=\"container\" data-e-type=\"container\">\n\t\t\t\t\t<div class=\"e-con-inner\">\n\t\t\t\t<div class=\"elementor-element elementor-element-45aeffa3 elementor-widget elementor-widget-heading\" data-id=\"45aeffa3\" data-element_type=\"widget\" data-e-type=\"widget\" data-widget_type=\"heading.default\">\n\t\t\t\t\t<h2 class=\"elementor-heading-title elementor-size-default\">Nyheder<\/h2>\t\t\t\t<\/div>\n\t\t\t\t<div class=\"elementor-element elementor-element-8003c5b elementor-widget elementor-widget-heading\" data-id=\"8003c5b\" data-element_type=\"widget\" data-e-type=\"widget\" data-widget_type=\"heading.default\">\n\t\t\t\t\t<h3 class=\"elementor-heading-title elementor-size-default\">Nyheder fra LITE<\/h3>\t\t\t\t<\/div>\n\t\t<div class=\"elementor-element elementor-element-140a9534 e-con-full e-flex e-con e-child\" data-id=\"140a9534\" data-element_type=\"container\" data-e-type=\"container\">\n\t\t\t\t<div class=\"elementor-element elementor-element-277d2b83 elementor-posts--thumbnail-none elementor-grid-tablet-1 elementor-grid-3 elementor-grid-mobile-1 elementor-card-shadow-yes elementor-posts__hover-gradient elementor-widget elementor-widget-posts\" data-id=\"277d2b83\" data-element_type=\"widget\" data-e-type=\"widget\" data-settings=\"{&quot;cards_columns_tablet&quot;:&quot;1&quot;,&quot;cards_columns&quot;:&quot;3&quot;,&quot;cards_columns_mobile&quot;:&quot;1&quot;,&quot;cards_row_gap&quot;:{&quot;unit&quot;:&quot;px&quot;,&quot;size&quot;:35,&quot;sizes&quot;:[]},&quot;cards_row_gap_widescreen&quot;:{&quot;unit&quot;:&quot;px&quot;,&quot;size&quot;:&quot;&quot;,&quot;sizes&quot;:[]},&quot;cards_row_gap_tablet&quot;:{&quot;unit&quot;:&quot;px&quot;,&quot;size&quot;:&quot;&quot;,&quot;sizes&quot;:[]},&quot;cards_row_gap_mobile&quot;:{&quot;unit&quot;:&quot;px&quot;,&quot;size&quot;:&quot;&quot;,&quot;sizes&quot;:[]}}\" data-widget_type=\"posts.cards\">\n\t\t\t\t<div class=\"elementor-widget-container\">\n\t\t\t\t\t\t\t<div class=\"elementor-posts-container elementor-posts elementor-posts--skin-cards elementor-grid\" role=\"list\">\n\t\t\t\t<article class=\"elementor-post elementor-grid-item post-3044 post type-post status-publish format-standard hentry category-led-lighting tag-lite-a-s\" role=\"listitem\">\n\t\t\t<div class=\"elementor-post__card\">\n\t\t\t\t<div class=\"elementor-post__text\">\n\t\t\t\t<h3 class=\"elementor-post__title\">\n\t\t\t<a href=\"https:\/\/gfinveco.agenti.dk\/da\/lighting-that-enhances-urban-life-in-hjorring\/\" >\n\t\t\t\tBelysning, der forbedrer bylivet i Hj\u00f8rring\t\t\t<\/a>\n\t\t<\/h3>\n\t\t\t\t\t<div class=\"elementor-post__read-more-wrapper\">\n\t\t\n\t\t<a class=\"elementor-post__read-more\" href=\"https:\/\/gfinveco.agenti.dk\/da\/lighting-that-enhances-urban-life-in-hjorring\/\" aria-label=\"Read more about Lighting That Enhances Urban Life in Hj\u00f8rring\" tabindex=\"-1\" >\n\t\t\tL\u00e6s artikel \t\t<\/a>\n\n\t\t\t\t\t<\/div>\n\t\t\t\t<\/div>\n\t\t\t\t<div class=\"elementor-post__meta-data\">\n\t\t\t\t\t<span class=\"elementor-post-date\">\n\t\t\t18\/03\/2026\t\t<\/span>\n\t\t\t\t<\/div>\n\t\t\t\t\t<\/div>\n\t\t<\/article>\n\t\t\t\t<article class=\"elementor-post elementor-grid-item post-713 post type-post status-publish format-standard has-post-thumbnail hentry category-led-lighting tag-led tag-lite-a-s\" role=\"listitem\">\n\t\t\t<div class=\"elementor-post__card\">\n\t\t\t\t<div class=\"elementor-post__text\">\n\t\t\t\t<h3 class=\"elementor-post__title\">\n\t\t\t<a href=\"https:\/\/gfinveco.agenti.dk\/da\/test\/\" >\n\t\t\t\tLITE A\/S lancerer ambiti\u00f8s ny hjemmeside som en del af ny strategi\t\t\t<\/a>\n\t\t<\/h3>\n\t\t\t\t\t<div class=\"elementor-post__read-more-wrapper\">\n\t\t\n\t\t<a class=\"elementor-post__read-more\" href=\"https:\/\/gfinveco.agenti.dk\/da\/test\/\" aria-label=\"Read more about LITE A\/S launches ambitious new website as part of new strategy\" tabindex=\"-1\" >\n\t\t\tL\u00e6s artikel \t\t<\/a>\n\n\t\t\t\t\t<\/div>\n\t\t\t\t<\/div>\n\t\t\t\t<div class=\"elementor-post__meta-data\">\n\t\t\t\t\t<span class=\"elementor-post-date\">\n\t\t\t17\/02\/2026\t\t<\/span>\n\t\t\t\t<\/div>\n\t\t\t\t\t<\/div>\n\t\t<\/article>\n\t\t\t\t<\/div>\n\t\t\n\t\t\t\t\t\t<\/div>\n\t\t\t\t<\/div>\n\t\t\t\t<\/div>\n\t\t\t\t\t<\/div>\n\t\t\t\t<\/div>\n\t\t\t\t<\/div>","protected":false},"excerpt":{"rendered":"<p>LIGHTING SOLUTIONS LIGHT INNOVATION TECHNOLOGY GF Inveco co-owns LITE (Light Innovation Technology), which manufactures and supplies complete innovative and custom-built<\/p>","protected":false},"author":1,"featured_media":0,"parent":0,"menu_order":0,"comment_status":"closed","ping_status":"closed","template":"","meta":{"footnotes":""},"class_list":["post-2503","page","type-page","status-publish","hentry"],"blocksy_meta":{"has_hero_section":"disabled","disable_featured_image":"yes","disable_share_box":"yes","vertical_spacing_source":"custom","content_area_spacing":"none","styles_descriptor":{"styles":{"desktop":"","tablet":"","mobile":""},"google_fonts":[],"version":6}},"_links":{"self":[{"href":"https:\/\/gfinveco.agenti.dk\/da\/wp-json\/wp\/v2\/pages\/2503","targetHints":{"allow":["GET"]}}],"collection":[{"href":"https:\/\/gfinveco.agenti.dk\/da\/wp-json\/wp\/v2\/pages"}],"about":[{"href":"https:\/\/gfinveco.agenti.dk\/da\/wp-json\/wp\/v2\/types\/page"}],"author":[{"embeddable":true,"href":"https:\/\/gfinveco.agenti.dk\/da\/wp-json\/wp\/v2\/users\/1"}],"replies":[{"embeddable":true,"href":"https:\/\/gfinveco.agenti.dk\/da\/wp-json\/wp\/v2\/comments?post=2503"}],"version-history":[{"count":0,"href":"https:\/\/gfinveco.agenti.dk\/da\/wp-json\/wp\/v2\/pages\/2503\/revisions"}],"wp:attachment":[{"href":"https:\/\/gfinveco.agenti.dk\/da\/wp-json\/wp\/v2\/media?parent=2503"}],"curies":[{"name":"wp","href":"https:\/\/api.w.org\/{rel}","templated":true}]}}