{"id":28,"date":"2026-02-16T13:56:18","date_gmt":"2026-02-16T13:56:18","guid":{"rendered":"https:\/\/gfinveco.agenti.dk\/?page_id=28"},"modified":"2026-03-25T09:45:48","modified_gmt":"2026-03-25T09:45:48","slug":"about-us","status":"publish","type":"page","link":"https:\/\/gfinveco.agenti.dk\/da\/about-us\/","title":{"rendered":"Om os"},"content":{"rendered":"<div data-elementor-type=\"wp-page\" data-elementor-id=\"28\" class=\"elementor elementor-28\" data-elementor-post-type=\"page\">\n\t\t\t\t<div class=\"elementor-element elementor-element-5614076 e-flex e-con-boxed e-con e-parent\" data-id=\"5614076\" data-element_type=\"container\" data-e-type=\"container\" data-settings=\"{&quot;background_background&quot;:&quot;video&quot;,&quot;background_video_link&quot;:&quot;https:\\\/\\\/youtu.be\\\/3qvQNoEZxH4&quot;,&quot;background_play_on_mobile&quot;:&quot;yes&quot;}\">\n\t\t\t\t\t<div class=\"e-con-inner\">\n\t\t<div class=\"elementor-background-video-container\">\n\t\t\t\t\t\t\t<div class=\"elementor-background-video-embed\" role=\"presentation\"><\/div>\n\t\t\t\t\t\t<\/div>\t\t<div class=\"elementor-element elementor-element-2fc2361 elementor-widget elementor-widget-heading\" data-id=\"2fc2361\" data-element_type=\"widget\" data-e-type=\"widget\" data-widget_type=\"heading.default\">\n\t\t\t\t\t<h2 class=\"elementor-heading-title elementor-size-default\">om os<\/h2>\t\t\t\t<\/div>\n\t\t\t\t\t<\/div>\n\t\t\t\t<\/div>\n\t\t<div class=\"elementor-element elementor-element-0e4bbd6 e-flex e-con-boxed e-con e-parent\" data-id=\"0e4bbd6\" data-element_type=\"container\" data-e-type=\"container\">\n\t\t\t\t\t<div class=\"e-con-inner\">\n\t\t\t\t<div class=\"elementor-element elementor-element-058f160 elementor-widget elementor-widget-text-editor\" data-id=\"058f160\" data-element_type=\"widget\" data-e-type=\"widget\" data-widget_type=\"text-editor.default\">\n\t\t\t\t\t\t\t\t\t<p><strong>Siden 1987 har GF Inveco opbygget en st\u00e6rk og innovativ koncern baseret p\u00e5 langsigtede partnerskaber, engagerede medarbejdere og fremsynede investeringer. Vores virksomheder deler et f\u00e6lles s\u00e6t af v\u00e6rdier, der er formet af \u00e5rtiers samarbejde. Vi v\u00e6rds\u00e6tter tillid, tilpasningsevne og ansvarlig v\u00e6kst. <\/strong><\/p><p>BMC (Building Material Corporation) var det f\u00f8rste selskab i koncernen, med fokus p\u00e5 salg og distribution af byggevarer i Danmark og Norge. BMC blev fundamentet for koncernens videreudvikling af komplementerende virksomheder indenfor shipping, logistik, ejendomme og LED-belysning. Vi har igennem \u00e5rene haft speciel fokus p\u00e5 langsigtede partnerskaber, med leverand\u00f8rer og kunder. Et stabilt og godt samarbejde, giver god kontinuitet og er lettere at man\u00f8vrere. Et andet vigtigt element er vores medarbejdere. Vi g\u00f8r meget for at medarbejderne trives og er glade for at komme p\u00e5 job. Ved at operere med en flad og inkluderende organisationsstruktur, giver vi den enkelte medarbejder mulighed for at arbejde efter konceptet \u201cfrihed under ansvar\u201d. \n\nGF Inveco er en familieejet koncern, som har fokus p\u00e5 innovative og differentierede satsninger. Evnen til kontinuerlig tilpasning er i dagens markeder meget v\u00e6sentlig. Vores ambition er at forny os b\u00e5de indenfor komplementerende produktomr\u00e5der, men ogs\u00e5 diversificerede selskabsetableringer, som begge er med til at styrke selskabets position i \u00e5rene fremover.<\/p><p>GF Inveco is a family-owned group, which focuses on innovative and differentiated investments. The ability to continuously adapt is very important in today\u2019s markets. Our ambition is to renew ourselves within complementary product areas, and diversified company establishments, both of which help to strengthen the company\u2019s position in the years to come.<\/p>\t\t\t\t\t\t\t\t<\/div>\n\t\t\t\t\t<\/div>\n\t\t\t\t<\/div>\n\t\t\t\t<\/div>","protected":false},"excerpt":{"rendered":"<p>about us\u200b Since 1987, GF Inveco has built a strong and innovative group, grounded in long-term partnerships, dedicated employees, and forward-looking investments. Our companies share a common set of values shaped by decades of collaboration. We value trust, adaptability, and responsible growth. BMC (Building Material Corporation) was the first company in the group, focusing on [&hellip;]<\/p>\n","protected":false},"author":1,"featured_media":0,"parent":0,"menu_order":0,"comment_status":"closed","ping_status":"closed","template":"","meta":{"footnotes":""},"class_list":["post-28","page","type-page","status-publish","hentry"],"blocksy_meta":{"vertical_spacing_source":"custom","content_area_spacing":"none","has_hero_section":"disabled","styles_descriptor":{"styles":{"desktop":"","tablet":"","mobile":""},"google_fonts":[],"version":6}},"_links":{"self":[{"href":"https:\/\/gfinveco.agenti.dk\/da\/wp-json\/wp\/v2\/pages\/28","targetHints":{"allow":["GET"]}}],"collection":[{"href":"https:\/\/gfinveco.agenti.dk\/da\/wp-json\/wp\/v2\/pages"}],"about":[{"href":"https:\/\/gfinveco.agenti.dk\/da\/wp-json\/wp\/v2\/types\/page"}],"author":[{"embeddable":true,"href":"https:\/\/gfinveco.agenti.dk\/da\/wp-json\/wp\/v2\/users\/1"}],"replies":[{"embeddable":true,"href":"https:\/\/gfinveco.agenti.dk\/da\/wp-json\/wp\/v2\/comments?post=28"}],"version-history":[{"count":0,"href":"https:\/\/gfinveco.agenti.dk\/da\/wp-json\/wp\/v2\/pages\/28\/revisions"}],"wp:attachment":[{"href":"https:\/\/gfinveco.agenti.dk\/da\/wp-json\/wp\/v2\/media?parent=28"}],"curies":[{"name":"wp","href":"https:\/\/api.w.org\/{rel}","templated":true}]}}